{"id":11,"date":"2018-01-01T19:56:10","date_gmt":"2018-01-01T18:56:10","guid":{"rendered":"http:\/\/ohndorf.de\/?page_id=11"},"modified":"2026-01-25T14:26:26","modified_gmt":"2026-01-25T13:26:26","slug":"herzlich-willkommen","status":"publish","type":"page","link":"https:\/\/ohndorf.de\/","title":{"rendered":"Herzlich willkommen!"},"content":{"rendered":"\n<div style=\"height:30px\" aria-hidden=\"true\" class=\"wp-block-spacer\"><\/div>\n\n\n\n<figure class=\"wp-block-image size-large\"><img loading=\"lazy\" decoding=\"async\" width=\"1500\" height=\"845\" src=\"https:\/\/ohndorf.de\/wp-content\/uploads\/2022\/04\/blick_ueber_1-e1604673042518-edited.jpg\" alt=\"\" class=\"wp-image-284\" srcset=\"https:\/\/ohndorf.de\/wp-content\/uploads\/2022\/04\/blick_ueber_1-e1604673042518-edited.jpg 1500w, https:\/\/ohndorf.de\/wp-content\/uploads\/2022\/04\/blick_ueber_1-e1604673042518-edited-300x169.jpg 300w, https:\/\/ohndorf.de\/wp-content\/uploads\/2022\/04\/blick_ueber_1-e1604673042518-edited-1024x577.jpg 1024w, https:\/\/ohndorf.de\/wp-content\/uploads\/2022\/04\/blick_ueber_1-e1604673042518-edited-768x433.jpg 768w, https:\/\/ohndorf.de\/wp-content\/uploads\/2022\/04\/blick_ueber_1-e1604673042518-edited-400x225.jpg 400w\" sizes=\"auto, (max-width: 1500px) 100vw, 1500px\" \/><\/figure>\n\n\n\n<div style=\"height:30px\" aria-hidden=\"true\" class=\"wp-block-spacer\"><\/div>\n\n\n\n<p style=\"font-size:18px\">Wir begr\u00fc\u00dfen Sie herzlichst auf der Seite des kleinen &#8211; aber feinen &#8211; Schaumburger Dorfes Ohndorf. Sie kennen uns vielleicht durch das Erntefest, das Jahr f\u00fcr Jahr hunderte Besuchen anlockt. Oder Sie kennen uns durch unsere aktive Dorfgemeinschaft, die im Landkreis und dar\u00fcber hinaus schon Anerkennung erhalten hat.<\/p>\n\n\n\n<p style=\"font-size:18px\">Wenn Sie uns noch nicht kennen, dann sind Sie hier genau richtig. Lernen Sie unser sch\u00f6nes Dorf und unsere Dorfgemeinschaft kennen.<\/p>\n\n\n\n<p style=\"font-size:18px\">Haben Sie viel Spa\u00df beim St\u00f6bern in unseren Seiten. Wir freuen uns darauf, Sie auch einmal pers\u00f6nlich zu begr\u00fc\u00dfen.<\/p>\n\n\n\n<div class=\"wp-block-stackable-divider stk-block-divider stk-block stk-dc0586a is-style-bar\" data-block-id=\"dc0586a\"><style>.stk-dc0586a hr.stk-block-divider__hr{background:#ff6900 !important;}<\/style><hr class=\"stk-block-divider__hr\"\/><\/div>\n\n\n\n<div class=\"wp-block-stackable-columns stk-block-columns stk-block stk-5db29c3\" data-block-id=\"5db29c3\"><div class=\"stk-row stk-inner-blocks stk-block-content stk-content-align stk-5db29c3-column\">\n<div class=\"wp-block-stackable-column stk-block-column stk-column stk-block stk-cabe820\" data-v=\"4\" data-block-id=\"cabe820\"><div class=\"stk-column-wrapper stk-block-column__content stk-container stk-cabe820-container stk--no-background stk--no-padding\"><div class=\"stk-block-content stk-inner-blocks stk-cabe820-inner-blocks\">\n<div class=\"wp-block-stackable-card stk-block-card stk-block stk-07b9eb6 is-style-default\" data-v=\"2\" data-block-id=\"07b9eb6\"><div class=\"stk--no-padding stk-container stk-07b9eb6-container stk-hover-parent\"><figure class=\"stk-block-card__image stk-img-wrapper stk-image--shape-stretch\"><img loading=\"lazy\" decoding=\"async\" class=\"stk-img wp-image-523\" src=\"https:\/\/ohndorf.de\/wp-content\/uploads\/2025\/01\/crowd-2045499_1280.jpg\" width=\"1280\" height=\"853\" srcset=\"https:\/\/ohndorf.de\/wp-content\/uploads\/2025\/01\/crowd-2045499_1280.jpg 1280w, https:\/\/ohndorf.de\/wp-content\/uploads\/2025\/01\/crowd-2045499_1280-300x200.jpg 300w, https:\/\/ohndorf.de\/wp-content\/uploads\/2025\/01\/crowd-2045499_1280-1024x682.jpg 1024w, https:\/\/ohndorf.de\/wp-content\/uploads\/2025\/01\/crowd-2045499_1280-768x512.jpg 768w, https:\/\/ohndorf.de\/wp-content\/uploads\/2025\/01\/crowd-2045499_1280-400x267.jpg 400w\" sizes=\"auto, (max-width: 1280px) 100vw, 1280px\" \/><\/figure><div class=\"stk-container-padding stk-block-card__content\"><div class=\"stk-block-content stk-inner-blocks stk-07b9eb6-inner-blocks\">\n<div class=\"wp-block-stackable-heading stk-block-heading stk-block-heading--v2 stk-block stk-ecc1e14\" id=\"fasleabend-2026\" data-block-id=\"ecc1e14\"><h2 class=\"stk-block-heading__text\">Fasleabend 2026<\/h2><\/div>\n\n\n\n<div class=\"wp-block-stackable-subtitle stk-block-subtitle stk-block stk-60c5bea\" data-block-id=\"60c5bea\"><p class=\"stk-block-subtitle__text stk-subtitle\">Offizielle Einladung der Dorfgemeinschaft<\/p><\/div>\n\n\n\n<div class=\"wp-block-stackable-text stk-block-text stk-block stk-2af8576\" data-block-id=\"2af8576\"><p class=\"stk-block-text__text\">Der diesj\u00e4hrige Fasleabend findet am 20.02.2026 um 19:30 Uhr in der Alten Schule statt.<\/p><\/div>\n\n\n\n<div class=\"wp-block-stackable-button-group stk-block-button-group stk-block stk-6969119\" data-block-id=\"6969119\"><div class=\"stk-row stk-inner-blocks has-text-align-center stk-block-content stk-button-group\">\n<div class=\"wp-block-stackable-button stk-block-button stk-block stk-fc5276d\" data-block-id=\"fc5276d\"><style>.stk-fc5276d .stk-button{background:#ff6900 !important;}<\/style><a class=\"stk-link stk-button stk--hover-effect-lift\" href=\"https:\/\/ohndorf.de\/wp-content\/uploads\/2026\/01\/Einladung-26.pdf\" target=\"_blank\" rel=\"noreferrer noopener\"><span class=\"stk--svg-wrapper\"><div class=\"stk--inner-svg\"><svg xmlns=\"http:\/\/www.w3.org\/2000\/svg\" viewBox=\"0 0 512 512\" aria-hidden=\"true\" width=\"32\" height=\"32\"><path d=\"M216 0h80c13.3 0 24 10.7 24 24v168h87.7c17.8 0 26.7 21.5 14.1 34.1L269.7 378.3c-7.5 7.5-19.8 7.5-27.3 0L90.1 226.1c-12.6-12.6-3.7-34.1 14.1-34.1H192V24c0-13.3 10.7-24 24-24zm296 376v112c0 13.3-10.7 24-24 24H24c-13.3 0-24-10.7-24-24V376c0-13.3 10.7-24 24-24h146.7l49 49c20.1 20.1 52.5 20.1 72.6 0l49-49H488c13.3 0 24 10.7 24 24zm-124 88c0-11-9-20-20-20s-20 9-20 20 9 20 20 20 20-9 20-20zm64 0c0-11-9-20-20-20s-20 9-20 20 9 20 20 20 20-9 20-20z\"\/><\/svg><\/div><\/span><span class=\"stk-button__inner-text\">Einladung und Tagesordnung (PDF)<\/span><\/a><\/div>\n<\/div><\/div>\n<\/div><\/div><\/div><\/div>\n<\/div><\/div><\/div>\n\n\n\n<div class=\"wp-block-stackable-column stk-block-column stk-column stk-block stk-15c1832\" data-v=\"4\" data-block-id=\"15c1832\"><div class=\"stk-column-wrapper stk-block-column__content stk-container stk-15c1832-container stk--no-background stk--no-padding\"><div class=\"stk-block-content stk-inner-blocks stk-15c1832-inner-blocks\">\n<div class=\"wp-block-stackable-card stk-block-card stk-block stk-291577e is-style-default\" data-v=\"2\" data-block-id=\"291577e\"><div class=\"stk--no-padding stk-container stk-291577e-container stk-hover-parent\"><figure class=\"stk-block-card__image stk-img-wrapper stk-image--shape-stretch\"><img loading=\"lazy\" decoding=\"async\" class=\"stk-img wp-image-547\" src=\"https:\/\/ohndorf.de\/wp-content\/uploads\/2026\/01\/calendar-1990453_1280.jpg\" width=\"1280\" height=\"853\" srcset=\"https:\/\/ohndorf.de\/wp-content\/uploads\/2026\/01\/calendar-1990453_1280.jpg 1280w, https:\/\/ohndorf.de\/wp-content\/uploads\/2026\/01\/calendar-1990453_1280-300x200.jpg 300w, https:\/\/ohndorf.de\/wp-content\/uploads\/2026\/01\/calendar-1990453_1280-1024x682.jpg 1024w, https:\/\/ohndorf.de\/wp-content\/uploads\/2026\/01\/calendar-1990453_1280-768x512.jpg 768w, https:\/\/ohndorf.de\/wp-content\/uploads\/2026\/01\/calendar-1990453_1280-400x267.jpg 400w\" sizes=\"auto, (max-width: 1280px) 100vw, 1280px\" \/><\/figure><div class=\"stk-container-padding stk-block-card__content\"><div class=\"stk-block-content stk-inner-blocks stk-291577e-inner-blocks\">\n<div class=\"wp-block-stackable-heading stk-block-heading stk-block-heading--v2 stk-block stk-3bdaa01\" id=\"termine-2026\" data-block-id=\"3bdaa01\"><h2 class=\"stk-block-heading__text\">Termine 2026<\/h2><\/div>\n\n\n\n<div class=\"wp-block-stackable-subtitle stk-block-subtitle stk-block stk-aea110c\" data-block-id=\"aea110c\"><p class=\"stk-block-subtitle__text stk-subtitle\">Terminplan f\u00fcr 2026 ist online<\/p><\/div>\n\n\n\n<div class=\"wp-block-stackable-text stk-block-text stk-block stk-f2a7d6d\" data-block-id=\"f2a7d6d\"><p class=\"stk-block-text__text\">Auch in 2026 finden wieder viele Veranstaltungen in Ohndorf statt.<\/p><\/div>\n\n\n\n<div class=\"wp-block-stackable-button-group stk-block-button-group stk-block stk-726321c\" data-block-id=\"726321c\"><div class=\"stk-row stk-inner-blocks has-text-align-center stk-block-content stk-button-group\">\n<div class=\"wp-block-stackable-button stk-block-button stk-block stk-dba8d18\" data-block-id=\"dba8d18\"><style>.stk-dba8d18 {align-items:flex-start !important;display:flex !important;}.stk-dba8d18 .stk-button{background:#ff6900 !important;}<\/style><a class=\"stk-link stk-button stk--hover-effect-lift\" href=\"https:\/\/ohndorf.de\/wp-content\/uploads\/2026\/01\/Veranstaltungsplan-2026.pdf\" target=\"_blank\" rel=\"noreferrer noopener\"><span class=\"stk--svg-wrapper\"><div class=\"stk--inner-svg\"><svg xmlns=\"http:\/\/www.w3.org\/2000\/svg\" viewBox=\"0 0 512 512\" aria-hidden=\"true\" width=\"32\" height=\"32\"><path d=\"M216 0h80c13.3 0 24 10.7 24 24v168h87.7c17.8 0 26.7 21.5 14.1 34.1L269.7 378.3c-7.5 7.5-19.8 7.5-27.3 0L90.1 226.1c-12.6-12.6-3.7-34.1 14.1-34.1H192V24c0-13.3 10.7-24 24-24zm296 376v112c0 13.3-10.7 24-24 24H24c-13.3 0-24-10.7-24-24V376c0-13.3 10.7-24 24-24h146.7l49 49c20.1 20.1 52.5 20.1 72.6 0l49-49H488c13.3 0 24 10.7 24 24zm-124 88c0-11-9-20-20-20s-20 9-20 20 9 20 20 20 20-9 20-20zm64 0c0-11-9-20-20-20s-20 9-20 20 9 20 20 20 20-9 20-20z\"\/><\/svg><\/div><\/span><span class=\"stk-button__inner-text\">Download Terminplan (PDF)<\/span><\/a><\/div>\n<\/div><\/div>\n<\/div><\/div><\/div><\/div>\n<\/div><\/div><\/div>\n<\/div><\/div>\n","protected":false},"excerpt":{"rendered":"<p>Wir begr\u00fc\u00dfen Sie herzlichst auf der Seite des kleinen &#8211; aber feinen &#8211; Schaumburger Dorfes Ohndorf. Sie kennen uns vielleicht durch das Erntefest, das Jahr f\u00fcr Jahr hunderte Besuchen anlockt. Oder Sie kennen uns durch &hellip;<\/p>\n<p class=\"read-more\"> <a class=\"\" href=\"https:\/\/ohndorf.de\/\"> <span class=\"screen-reader-text\">Herzlich willkommen!<\/span> weiterlesen<\/a><\/p>\n","protected":false},"author":1,"featured_media":0,"parent":0,"menu_order":0,"comment_status":"closed","ping_status":"closed","template":"","meta":{"_uag_custom_page_level_css":"","site-sidebar-layout":"default","site-content-layout":"default","ast-global-header-display":"","ast-main-header-display":"","ast-hfb-above-header-display":"","ast-hfb-below-header-display":"","ast-hfb-mobile-header-display":"","site-post-title":"","ast-breadcrumbs-content":"","ast-featured-img":"","footer-sml-layout":"","theme-transparent-header-meta":"","adv-header-id-meta":"","stick-header-meta":"","header-above-stick-meta":"","header-main-stick-meta":"","header-below-stick-meta":"","footnotes":""},"class_list":["post-11","page","type-page","status-publish","hentry"],"uagb_featured_image_src":{"full":false,"thumbnail":false,"medium":false,"medium_large":false,"large":false,"1536x1536":false,"2048x2048":false,"fpw_square":false,"fpw_banner":false,"fpw_big":false},"uagb_author_info":{"display_name":"Marco Thiele","author_link":"https:\/\/ohndorf.de\/index.php\/author\/mthiele\/"},"uagb_comment_info":0,"uagb_excerpt":"Wir begr\u00fc\u00dfen Sie herzlichst auf der Seite des kleinen &#8211; aber feinen &#8211; Schaumburger Dorfes Ohndorf. Sie kennen uns vielleicht durch das Erntefest, das Jahr f\u00fcr Jahr hunderte Besuchen anlockt. Oder Sie kennen uns durch &hellip; Herzlich willkommen! weiterlesen","_links":{"self":[{"href":"https:\/\/ohndorf.de\/index.php\/wp-json\/wp\/v2\/pages\/11","targetHints":{"allow":["GET"]}}],"collection":[{"href":"https:\/\/ohndorf.de\/index.php\/wp-json\/wp\/v2\/pages"}],"about":[{"href":"https:\/\/ohndorf.de\/index.php\/wp-json\/wp\/v2\/types\/page"}],"author":[{"embeddable":true,"href":"https:\/\/ohndorf.de\/index.php\/wp-json\/wp\/v2\/users\/1"}],"replies":[{"embeddable":true,"href":"https:\/\/ohndorf.de\/index.php\/wp-json\/wp\/v2\/comments?post=11"}],"version-history":[{"count":62,"href":"https:\/\/ohndorf.de\/index.php\/wp-json\/wp\/v2\/pages\/11\/revisions"}],"predecessor-version":[{"id":551,"href":"https:\/\/ohndorf.de\/index.php\/wp-json\/wp\/v2\/pages\/11\/revisions\/551"}],"wp:attachment":[{"href":"https:\/\/ohndorf.de\/index.php\/wp-json\/wp\/v2\/media?parent=11"}],"curies":[{"name":"wp","href":"https:\/\/api.w.org\/{rel}","templated":true}]}}